{"id":21,"date":"2021-03-31T08:40:09","date_gmt":"2021-03-31T08:40:09","guid":{"rendered":"http:\/\/www.mknetconsulting.net\/?page_id=21"},"modified":"2021-04-07T09:42:02","modified_gmt":"2021-04-07T09:42:02","slug":"consultoria","status":"publish","type":"page","link":"https:\/\/www.mknetconsulting.net\/?page_id=21","title":{"rendered":"Consultor\u00eda"},"content":{"rendered":"\n<p class=\"has-white-color has-text-color\">CONSULTOR\u00cdA EN ATENCI\u00d3N TELEF\u00d3NICA<\/p>\n\n\n\n<p class=\"has-white-color has-text-color has-normal-font-size\">MKNET CONSULTING, como empresa especializada en Atenci\u00f3n al cliente, le ayudar\u00e1 en el dise\u00f1o de su servicio de <a href=\"https:\/\/www.mknet.es\/?page_id=204\" data-type=\"URL\" data-id=\"https:\/\/www.mknet.es\/?page_id=204\" target=\"_blank\" rel=\"noreferrer noopener\">Atenci\u00f3n Telef\u00f3nica<\/a>, aprovechando los recursos humanos al m\u00e1ximo, dot\u00e1ndoles de herramientas que faciliten y mejoren su labor. Herramientas que podr\u00e1n ser tanto tecnol\u00f3gicas como de cualificaci\u00f3n y organizaci\u00f3n.<\/p>\n\n\n\n<p class=\"has-white-color has-text-color has-normal-font-size\">Detectaremos las debilidades de su Atenci\u00f3n Telef\u00f3nica e implementaremos soluciones que las convertir\u00e1n en fortalezas.<\/p>\n\n\n\n<p class=\"has-white-color has-text-color\">CONSULTORIA EN TELEMARKETING<\/p>\n\n\n\n<p class=\"has-white-color has-text-color has-normal-font-size\">MKNET CONSULTING nace de la experiencia de <a href=\"https:\/\/www.mknet.es\/\" data-type=\"URL\" data-id=\"https:\/\/www.mknet.es\/\" target=\"_blank\" rel=\"noreferrer noopener\">MKNET CALL CENTER<\/a>, empresa especializada en Telemarketing y con una amplia trayectoria en servicios de emisi\u00f3n de llamadas para terceros.\u00a0 Ponemos a su disposici\u00f3n toda nuestra experiencia como teleoperadores y como directores de un call center que lleva diez a\u00f1os prestando un servicio especializado y altamente cualificado de <a href=\"https:\/\/www.mknet.es\/?page_id=200\" data-type=\"URL\" data-id=\"https:\/\/www.mknet.es\/?page_id=200\" target=\"_blank\" rel=\"noreferrer noopener\">telemarketing<\/a> .<\/p>\n\n\n\n<p class=\"has-white-color has-text-color has-normal-font-size\">Con MKNET CONSULTING le crearemos un departamento de Telemarketing eficaz, con teleoperadores bien formados, que contar\u00e1n con una alt\u00edsima capacidad de emisi\u00f3n de llamadas, tanto en cantidad como en calidad, dirigida esta \u00faltima a la consecuci\u00f3n de objetivos, sean de venta, de concertaci\u00f3n de visitas, de realizaci\u00f3n de encuestas o de fidelizaci\u00f3n.<\/p>\n\n\n\n<p class=\"has-white-color has-text-color has-normal-font-size\">Le implementaremos adem\u00e1s un sistema de emisi\u00f3n de llamadas altamente efectivo, que facilitar\u00e1 el trabajo de emisi\u00f3n&nbsp; y el seguimiento de clientes y prospectos, y que ser\u00e1 escalable y cuantificable.<\/p>\n","protected":false},"excerpt":{"rendered":"<p>CONSULTOR\u00cdA EN ATENCI\u00d3N TELEF\u00d3NICA MKNET CONSULTING, como empresa especializada en Atenci\u00f3n al cliente, le ayudar\u00e1 en el dise\u00f1o de su servicio de Atenci\u00f3n Telef\u00f3nica, aprovechando los recursos humanos al m\u00e1ximo, dot\u00e1ndoles de herramientas que faciliten y mejoren su labor. Herramientas que podr\u00e1n ser tanto tecnol\u00f3gicas como de cualificaci\u00f3n y organizaci\u00f3n. Detectaremos las debilidades de su&#8230;<\/p>\n","protected":false},"author":1,"featured_media":0,"parent":0,"menu_order":0,"comment_status":"closed","ping_status":"closed","template":"","meta":{"_kadence_starter_templates_imported_post":false,"_kad_post_transparent":"","_kad_post_title":"","_kad_post_layout":"","_kad_post_sidebar_id":"","_kad_post_content_style":"","_kad_post_vertical_padding":"","_kad_post_feature":"","_kad_post_feature_position":"","_kad_post_header":false,"_kad_post_footer":false,"footnotes":""},"class_list":["post-21","page","type-page","status-publish","hentry"],"yoast_head":"<!-- This site is optimized with the Yoast SEO plugin v25.1 - https:\/\/yoast.com\/wordpress\/plugins\/seo\/ -->\n<title>Consultor\u00eda - MknetConsulting<\/title>\n<meta name=\"robots\" content=\"index, follow, max-snippet:-1, max-image-preview:large, max-video-preview:-1\" \/>\n<link rel=\"canonical\" href=\"https:\/\/www.mknetconsulting.net\/?page_id=21\" \/>\n<meta property=\"og:locale\" content=\"es_ES\" \/>\n<meta property=\"og:type\" content=\"article\" \/>\n<meta property=\"og:title\" content=\"Consultor\u00eda - MknetConsulting\" \/>\n<meta property=\"og:description\" content=\"CONSULTOR\u00cdA EN ATENCI\u00d3N TELEF\u00d3NICA MKNET CONSULTING, como empresa especializada en Atenci\u00f3n al cliente, le ayudar\u00e1 en el dise\u00f1o de su servicio de Atenci\u00f3n Telef\u00f3nica, aprovechando los recursos humanos al m\u00e1ximo, dot\u00e1ndoles de herramientas que faciliten y mejoren su labor. Herramientas que podr\u00e1n ser tanto tecnol\u00f3gicas como de cualificaci\u00f3n y organizaci\u00f3n. Detectaremos las debilidades de su...\" \/>\n<meta property=\"og:url\" content=\"https:\/\/www.mknetconsulting.net\/?page_id=21\" \/>\n<meta property=\"og:site_name\" content=\"MknetConsulting\" \/>\n<meta property=\"article:modified_time\" content=\"2021-04-07T09:42:02+00:00\" \/>\n<meta name=\"twitter:card\" content=\"summary_large_image\" \/>\n<meta name=\"twitter:label1\" content=\"Tiempo de lectura\" \/>\n\t<meta name=\"twitter:data1\" content=\"1 minuto\" \/>\n<script type=\"application\/ld+json\" class=\"yoast-schema-graph\">{\"@context\":\"https:\/\/schema.org\",\"@graph\":[{\"@type\":\"WebPage\",\"@id\":\"https:\/\/www.mknetconsulting.net\/?page_id=21\",\"url\":\"https:\/\/www.mknetconsulting.net\/?page_id=21\",\"name\":\"Consultor\u00eda - MknetConsulting\",\"isPartOf\":{\"@id\":\"https:\/\/www.mknetconsulting.net\/#website\"},\"datePublished\":\"2021-03-31T08:40:09+00:00\",\"dateModified\":\"2021-04-07T09:42:02+00:00\",\"breadcrumb\":{\"@id\":\"https:\/\/www.mknetconsulting.net\/?page_id=21#breadcrumb\"},\"inLanguage\":\"es\",\"potentialAction\":[{\"@type\":\"ReadAction\",\"target\":[\"https:\/\/www.mknetconsulting.net\/?page_id=21\"]}]},{\"@type\":\"BreadcrumbList\",\"@id\":\"https:\/\/www.mknetconsulting.net\/?page_id=21#breadcrumb\",\"itemListElement\":[{\"@type\":\"ListItem\",\"position\":1,\"name\":\"Portada\",\"item\":\"https:\/\/www.mknetconsulting.net\/\"},{\"@type\":\"ListItem\",\"position\":2,\"name\":\"Consultor\u00eda\"}]},{\"@type\":\"WebSite\",\"@id\":\"https:\/\/www.mknetconsulting.net\/#website\",\"url\":\"https:\/\/www.mknetconsulting.net\/\",\"name\":\"MknetConsulting\",\"description\":\"Formaci&oacute;n y consultor&iacute;a\",\"publisher\":{\"@id\":\"https:\/\/www.mknetconsulting.net\/#organization\"},\"potentialAction\":[{\"@type\":\"SearchAction\",\"target\":{\"@type\":\"EntryPoint\",\"urlTemplate\":\"https:\/\/www.mknetconsulting.net\/?s={search_term_string}\"},\"query-input\":{\"@type\":\"PropertyValueSpecification\",\"valueRequired\":true,\"valueName\":\"search_term_string\"}}],\"inLanguage\":\"es\"},{\"@type\":\"Organization\",\"@id\":\"https:\/\/www.mknetconsulting.net\/#organization\",\"name\":\"MknetConsulting\",\"url\":\"https:\/\/www.mknetconsulting.net\/\",\"logo\":{\"@type\":\"ImageObject\",\"inLanguage\":\"es\",\"@id\":\"https:\/\/www.mknetconsulting.net\/#\/schema\/logo\/image\/\",\"url\":\"https:\/\/www.mknetconsulting.net\/wp-content\/uploads\/2022\/10\/LOGO-NUEVO.jpg\",\"contentUrl\":\"https:\/\/www.mknetconsulting.net\/wp-content\/uploads\/2022\/10\/LOGO-NUEVO.jpg\",\"width\":331,\"height\":185,\"caption\":\"MknetConsulting\"},\"image\":{\"@id\":\"https:\/\/www.mknetconsulting.net\/#\/schema\/logo\/image\/\"}}]}<\/script>\n<!-- \/ Yoast SEO plugin. -->","yoast_head_json":{"title":"Consultor\u00eda - MknetConsulting","robots":{"index":"index","follow":"follow","max-snippet":"max-snippet:-1","max-image-preview":"max-image-preview:large","max-video-preview":"max-video-preview:-1"},"canonical":"https:\/\/www.mknetconsulting.net\/?page_id=21","og_locale":"es_ES","og_type":"article","og_title":"Consultor\u00eda - MknetConsulting","og_description":"CONSULTOR\u00cdA EN ATENCI\u00d3N TELEF\u00d3NICA MKNET CONSULTING, como empresa especializada en Atenci\u00f3n al cliente, le ayudar\u00e1 en el dise\u00f1o de su servicio de Atenci\u00f3n Telef\u00f3nica, aprovechando los recursos humanos al m\u00e1ximo, dot\u00e1ndoles de herramientas que faciliten y mejoren su labor. Herramientas que podr\u00e1n ser tanto tecnol\u00f3gicas como de cualificaci\u00f3n y organizaci\u00f3n. Detectaremos las debilidades de su...","og_url":"https:\/\/www.mknetconsulting.net\/?page_id=21","og_site_name":"MknetConsulting","article_modified_time":"2021-04-07T09:42:02+00:00","twitter_card":"summary_large_image","twitter_misc":{"Tiempo de lectura":"1 minuto"},"schema":{"@context":"https:\/\/schema.org","@graph":[{"@type":"WebPage","@id":"https:\/\/www.mknetconsulting.net\/?page_id=21","url":"https:\/\/www.mknetconsulting.net\/?page_id=21","name":"Consultor\u00eda - MknetConsulting","isPartOf":{"@id":"https:\/\/www.mknetconsulting.net\/#website"},"datePublished":"2021-03-31T08:40:09+00:00","dateModified":"2021-04-07T09:42:02+00:00","breadcrumb":{"@id":"https:\/\/www.mknetconsulting.net\/?page_id=21#breadcrumb"},"inLanguage":"es","potentialAction":[{"@type":"ReadAction","target":["https:\/\/www.mknetconsulting.net\/?page_id=21"]}]},{"@type":"BreadcrumbList","@id":"https:\/\/www.mknetconsulting.net\/?page_id=21#breadcrumb","itemListElement":[{"@type":"ListItem","position":1,"name":"Portada","item":"https:\/\/www.mknetconsulting.net\/"},{"@type":"ListItem","position":2,"name":"Consultor\u00eda"}]},{"@type":"WebSite","@id":"https:\/\/www.mknetconsulting.net\/#website","url":"https:\/\/www.mknetconsulting.net\/","name":"MknetConsulting","description":"Formaci&oacute;n y consultor&iacute;a","publisher":{"@id":"https:\/\/www.mknetconsulting.net\/#organization"},"potentialAction":[{"@type":"SearchAction","target":{"@type":"EntryPoint","urlTemplate":"https:\/\/www.mknetconsulting.net\/?s={search_term_string}"},"query-input":{"@type":"PropertyValueSpecification","valueRequired":true,"valueName":"search_term_string"}}],"inLanguage":"es"},{"@type":"Organization","@id":"https:\/\/www.mknetconsulting.net\/#organization","name":"MknetConsulting","url":"https:\/\/www.mknetconsulting.net\/","logo":{"@type":"ImageObject","inLanguage":"es","@id":"https:\/\/www.mknetconsulting.net\/#\/schema\/logo\/image\/","url":"https:\/\/www.mknetconsulting.net\/wp-content\/uploads\/2022\/10\/LOGO-NUEVO.jpg","contentUrl":"https:\/\/www.mknetconsulting.net\/wp-content\/uploads\/2022\/10\/LOGO-NUEVO.jpg","width":331,"height":185,"caption":"MknetConsulting"},"image":{"@id":"https:\/\/www.mknetconsulting.net\/#\/schema\/logo\/image\/"}}]}},"_links":{"self":[{"href":"https:\/\/www.mknetconsulting.net\/index.php?rest_route=\/wp\/v2\/pages\/21","targetHints":{"allow":["GET"]}}],"collection":[{"href":"https:\/\/www.mknetconsulting.net\/index.php?rest_route=\/wp\/v2\/pages"}],"about":[{"href":"https:\/\/www.mknetconsulting.net\/index.php?rest_route=\/wp\/v2\/types\/page"}],"author":[{"embeddable":true,"href":"https:\/\/www.mknetconsulting.net\/index.php?rest_route=\/wp\/v2\/users\/1"}],"replies":[{"embeddable":true,"href":"https:\/\/www.mknetconsulting.net\/index.php?rest_route=%2Fwp%2Fv2%2Fcomments&post=21"}],"version-history":[{"count":3,"href":"https:\/\/www.mknetconsulting.net\/index.php?rest_route=\/wp\/v2\/pages\/21\/revisions"}],"predecessor-version":[{"id":92,"href":"https:\/\/www.mknetconsulting.net\/index.php?rest_route=\/wp\/v2\/pages\/21\/revisions\/92"}],"wp:attachment":[{"href":"https:\/\/www.mknetconsulting.net\/index.php?rest_route=%2Fwp%2Fv2%2Fmedia&parent=21"}],"curies":[{"name":"wp","href":"https:\/\/api.w.org\/{rel}","templated":true}]}}