{"id":2,"date":"2021-03-30T10:12:45","date_gmt":"2021-03-30T10:12:45","guid":{"rendered":"http:\/\/www.mknetconsulting.net\/?page_id=2"},"modified":"2021-04-07T09:43:29","modified_gmt":"2021-04-07T09:43:29","slug":"sample-page","status":"publish","type":"page","link":"https:\/\/www.mknetconsulting.net\/?page_id=2","title":{"rendered":"Formaci\u00f3n"},"content":{"rendered":"\n<p class=\"has-white-color has-text-color has-normal-font-size\">MKNET Consulting ofrece formaci\u00f3n especializada, basada en nuestros a\u00f1os de experiencia como propietarios de <a href=\"http:\/\/www.mknet.es\" data-type=\"URL\" data-id=\"www.mknet.es\" target=\"_blank\" rel=\"noreferrer noopener\">MKNET Call Center<\/a>, que lleva desde 2010 prestando servicios de <a href=\"https:\/\/www.mknet.es\/?page_id=200\" data-type=\"URL\" data-id=\"https:\/\/www.mknet.es\/?page_id=200\" target=\"_blank\" rel=\"noreferrer noopener\">Telemarketing<\/a> y <a href=\"https:\/\/www.mknet.es\/?page_id=204\" data-type=\"URL\" data-id=\"https:\/\/www.mknet.es\/?page_id=204\" target=\"_blank\" rel=\"noreferrer noopener\">Telesecretariado<\/a>.<\/p>\n\n\n\n<p class=\"has-white-color has-text-color\">-FORMACION EN ATENCI\u00d3N AL CLIENTE<\/p>\n\n\n\n<p class=\"has-white-color has-text-color has-normal-font-size\">Sus empleados adquirir\u00e1n las habilidades para atender las llamadas con la calidad y proactividad necesarias, siempre orientados al cliente y siendo capaces de gestionar los avisos con la mayor eficacia.<\/p>\n\n\n\n<p class=\"has-white-color has-text-color\">-FORMACION EN TELEMARKETING<\/p>\n\n\n\n<p class=\"has-white-color has-text-color has-normal-font-size\">Sus empleados adquirir\u00e1n las habilidades necesarias para realizar llamadas comerciales, de seguimiento, de valoraci\u00f3n de satisfacci\u00f3n del cliente o de gesti\u00f3n de incidencias, &nbsp;de forma profesional, y ser\u00e1n capaces de alcanzar los objetivos fijados por la empresa en cada campa\u00f1a.<\/p>\n\n\n\n<p class=\"has-white-color has-text-color\">POSIBILIDAD DE FORMACION BONIFICABLE<\/p>\n","protected":false},"excerpt":{"rendered":"<p>MKNET Consulting ofrece formaci\u00f3n especializada, basada en nuestros a\u00f1os de experiencia como propietarios de MKNET Call Center, que lleva desde 2010 prestando servicios de Telemarketing y Telesecretariado. -FORMACION EN ATENCI\u00d3N AL CLIENTE Sus empleados adquirir\u00e1n las habilidades para atender las llamadas con la calidad y proactividad necesarias, siempre orientados al cliente y siendo capaces de&#8230;<\/p>\n","protected":false},"author":1,"featured_media":0,"parent":0,"menu_order":0,"comment_status":"closed","ping_status":"open","template":"","meta":{"_kadence_starter_templates_imported_post":false,"_kad_post_transparent":"","_kad_post_title":"","_kad_post_layout":"","_kad_post_sidebar_id":"","_kad_post_content_style":"","_kad_post_vertical_padding":"","_kad_post_feature":"","_kad_post_feature_position":"","_kad_post_header":false,"_kad_post_footer":false,"footnotes":""},"class_list":["post-2","page","type-page","status-publish","hentry"],"yoast_head":"<!-- This site is optimized with the Yoast SEO plugin v25.1 - https:\/\/yoast.com\/wordpress\/plugins\/seo\/ -->\n<title>Formaci\u00f3n - MknetConsulting<\/title>\n<meta name=\"robots\" content=\"index, follow, max-snippet:-1, max-image-preview:large, max-video-preview:-1\" \/>\n<link rel=\"canonical\" href=\"https:\/\/www.mknetconsulting.net\/?page_id=2\" \/>\n<meta property=\"og:locale\" content=\"es_ES\" \/>\n<meta property=\"og:type\" content=\"article\" \/>\n<meta property=\"og:title\" content=\"Formaci\u00f3n - MknetConsulting\" \/>\n<meta property=\"og:description\" content=\"MKNET Consulting ofrece formaci\u00f3n especializada, basada en nuestros a\u00f1os de experiencia como propietarios de MKNET Call Center, que lleva desde 2010 prestando servicios de Telemarketing y Telesecretariado. -FORMACION EN ATENCI\u00d3N AL CLIENTE Sus empleados adquirir\u00e1n las habilidades para atender las llamadas con la calidad y proactividad necesarias, siempre orientados al cliente y siendo capaces de...\" \/>\n<meta property=\"og:url\" content=\"https:\/\/www.mknetconsulting.net\/?page_id=2\" \/>\n<meta property=\"og:site_name\" content=\"MknetConsulting\" \/>\n<meta property=\"article:modified_time\" content=\"2021-04-07T09:43:29+00:00\" \/>\n<meta name=\"twitter:card\" content=\"summary_large_image\" \/>\n<meta name=\"twitter:label1\" content=\"Tiempo de lectura\" \/>\n\t<meta name=\"twitter:data1\" content=\"1 minuto\" \/>\n<script type=\"application\/ld+json\" class=\"yoast-schema-graph\">{\"@context\":\"https:\/\/schema.org\",\"@graph\":[{\"@type\":\"WebPage\",\"@id\":\"https:\/\/www.mknetconsulting.net\/?page_id=2\",\"url\":\"https:\/\/www.mknetconsulting.net\/?page_id=2\",\"name\":\"Formaci\u00f3n - MknetConsulting\",\"isPartOf\":{\"@id\":\"https:\/\/www.mknetconsulting.net\/#website\"},\"datePublished\":\"2021-03-30T10:12:45+00:00\",\"dateModified\":\"2021-04-07T09:43:29+00:00\",\"breadcrumb\":{\"@id\":\"https:\/\/www.mknetconsulting.net\/?page_id=2#breadcrumb\"},\"inLanguage\":\"es\",\"potentialAction\":[{\"@type\":\"ReadAction\",\"target\":[\"https:\/\/www.mknetconsulting.net\/?page_id=2\"]}]},{\"@type\":\"BreadcrumbList\",\"@id\":\"https:\/\/www.mknetconsulting.net\/?page_id=2#breadcrumb\",\"itemListElement\":[{\"@type\":\"ListItem\",\"position\":1,\"name\":\"Portada\",\"item\":\"https:\/\/www.mknetconsulting.net\/\"},{\"@type\":\"ListItem\",\"position\":2,\"name\":\"Formaci\u00f3n\"}]},{\"@type\":\"WebSite\",\"@id\":\"https:\/\/www.mknetconsulting.net\/#website\",\"url\":\"https:\/\/www.mknetconsulting.net\/\",\"name\":\"MknetConsulting\",\"description\":\"Formaci&oacute;n y consultor&iacute;a\",\"publisher\":{\"@id\":\"https:\/\/www.mknetconsulting.net\/#organization\"},\"potentialAction\":[{\"@type\":\"SearchAction\",\"target\":{\"@type\":\"EntryPoint\",\"urlTemplate\":\"https:\/\/www.mknetconsulting.net\/?s={search_term_string}\"},\"query-input\":{\"@type\":\"PropertyValueSpecification\",\"valueRequired\":true,\"valueName\":\"search_term_string\"}}],\"inLanguage\":\"es\"},{\"@type\":\"Organization\",\"@id\":\"https:\/\/www.mknetconsulting.net\/#organization\",\"name\":\"MknetConsulting\",\"url\":\"https:\/\/www.mknetconsulting.net\/\",\"logo\":{\"@type\":\"ImageObject\",\"inLanguage\":\"es\",\"@id\":\"https:\/\/www.mknetconsulting.net\/#\/schema\/logo\/image\/\",\"url\":\"https:\/\/www.mknetconsulting.net\/wp-content\/uploads\/2022\/10\/LOGO-NUEVO.jpg\",\"contentUrl\":\"https:\/\/www.mknetconsulting.net\/wp-content\/uploads\/2022\/10\/LOGO-NUEVO.jpg\",\"width\":331,\"height\":185,\"caption\":\"MknetConsulting\"},\"image\":{\"@id\":\"https:\/\/www.mknetconsulting.net\/#\/schema\/logo\/image\/\"}}]}<\/script>\n<!-- \/ Yoast SEO plugin. -->","yoast_head_json":{"title":"Formaci\u00f3n - MknetConsulting","robots":{"index":"index","follow":"follow","max-snippet":"max-snippet:-1","max-image-preview":"max-image-preview:large","max-video-preview":"max-video-preview:-1"},"canonical":"https:\/\/www.mknetconsulting.net\/?page_id=2","og_locale":"es_ES","og_type":"article","og_title":"Formaci\u00f3n - MknetConsulting","og_description":"MKNET Consulting ofrece formaci\u00f3n especializada, basada en nuestros a\u00f1os de experiencia como propietarios de MKNET Call Center, que lleva desde 2010 prestando servicios de Telemarketing y Telesecretariado. -FORMACION EN ATENCI\u00d3N AL CLIENTE Sus empleados adquirir\u00e1n las habilidades para atender las llamadas con la calidad y proactividad necesarias, siempre orientados al cliente y siendo capaces de...","og_url":"https:\/\/www.mknetconsulting.net\/?page_id=2","og_site_name":"MknetConsulting","article_modified_time":"2021-04-07T09:43:29+00:00","twitter_card":"summary_large_image","twitter_misc":{"Tiempo de lectura":"1 minuto"},"schema":{"@context":"https:\/\/schema.org","@graph":[{"@type":"WebPage","@id":"https:\/\/www.mknetconsulting.net\/?page_id=2","url":"https:\/\/www.mknetconsulting.net\/?page_id=2","name":"Formaci\u00f3n - MknetConsulting","isPartOf":{"@id":"https:\/\/www.mknetconsulting.net\/#website"},"datePublished":"2021-03-30T10:12:45+00:00","dateModified":"2021-04-07T09:43:29+00:00","breadcrumb":{"@id":"https:\/\/www.mknetconsulting.net\/?page_id=2#breadcrumb"},"inLanguage":"es","potentialAction":[{"@type":"ReadAction","target":["https:\/\/www.mknetconsulting.net\/?page_id=2"]}]},{"@type":"BreadcrumbList","@id":"https:\/\/www.mknetconsulting.net\/?page_id=2#breadcrumb","itemListElement":[{"@type":"ListItem","position":1,"name":"Portada","item":"https:\/\/www.mknetconsulting.net\/"},{"@type":"ListItem","position":2,"name":"Formaci\u00f3n"}]},{"@type":"WebSite","@id":"https:\/\/www.mknetconsulting.net\/#website","url":"https:\/\/www.mknetconsulting.net\/","name":"MknetConsulting","description":"Formaci&oacute;n y consultor&iacute;a","publisher":{"@id":"https:\/\/www.mknetconsulting.net\/#organization"},"potentialAction":[{"@type":"SearchAction","target":{"@type":"EntryPoint","urlTemplate":"https:\/\/www.mknetconsulting.net\/?s={search_term_string}"},"query-input":{"@type":"PropertyValueSpecification","valueRequired":true,"valueName":"search_term_string"}}],"inLanguage":"es"},{"@type":"Organization","@id":"https:\/\/www.mknetconsulting.net\/#organization","name":"MknetConsulting","url":"https:\/\/www.mknetconsulting.net\/","logo":{"@type":"ImageObject","inLanguage":"es","@id":"https:\/\/www.mknetconsulting.net\/#\/schema\/logo\/image\/","url":"https:\/\/www.mknetconsulting.net\/wp-content\/uploads\/2022\/10\/LOGO-NUEVO.jpg","contentUrl":"https:\/\/www.mknetconsulting.net\/wp-content\/uploads\/2022\/10\/LOGO-NUEVO.jpg","width":331,"height":185,"caption":"MknetConsulting"},"image":{"@id":"https:\/\/www.mknetconsulting.net\/#\/schema\/logo\/image\/"}}]}},"_links":{"self":[{"href":"https:\/\/www.mknetconsulting.net\/index.php?rest_route=\/wp\/v2\/pages\/2","targetHints":{"allow":["GET"]}}],"collection":[{"href":"https:\/\/www.mknetconsulting.net\/index.php?rest_route=\/wp\/v2\/pages"}],"about":[{"href":"https:\/\/www.mknetconsulting.net\/index.php?rest_route=\/wp\/v2\/types\/page"}],"author":[{"embeddable":true,"href":"https:\/\/www.mknetconsulting.net\/index.php?rest_route=\/wp\/v2\/users\/1"}],"replies":[{"embeddable":true,"href":"https:\/\/www.mknetconsulting.net\/index.php?rest_route=%2Fwp%2Fv2%2Fcomments&post=2"}],"version-history":[{"count":7,"href":"https:\/\/www.mknetconsulting.net\/index.php?rest_route=\/wp\/v2\/pages\/2\/revisions"}],"predecessor-version":[{"id":93,"href":"https:\/\/www.mknetconsulting.net\/index.php?rest_route=\/wp\/v2\/pages\/2\/revisions\/93"}],"wp:attachment":[{"href":"https:\/\/www.mknetconsulting.net\/index.php?rest_route=%2Fwp%2Fv2%2Fmedia&parent=2"}],"curies":[{"name":"wp","href":"https:\/\/api.w.org\/{rel}","templated":true}]}}