{"id":127,"date":"2021-05-10T10:27:41","date_gmt":"2021-05-10T10:27:41","guid":{"rendered":"https:\/\/www.mknetconsulting.net\/?page_id=127"},"modified":"2023-02-22T10:49:48","modified_gmt":"2023-02-22T10:49:48","slug":"127-2","status":"publish","type":"page","link":"https:\/\/www.mknetconsulting.net\/","title":{"rendered":"LA EXCELENCIA EN LA ATENCI\u00d3N AL CLIENTE"},"content":{"rendered":"\n<p class=\"has-theme-palette-1-color has-text-color\">Formaci\u00f3n en Atenci\u00f3n al Cliente. Formaci\u00f3n en Telemarketing<\/p>\n\n\n\n<h1 class=\"has-white-color has-text-color wp-block-heading\">Consultor\u00eda de Atenci\u00f3n al Cliente y Telemarketing<\/h1>\n\n\n\n<p class=\"has-white-color has-text-color\">En MKNET CONSULTING somos expertos en Atenci\u00f3n al Cliente. Mediante un diagn\u00f3stico previo, detectaremos todas las carencias en la gesti\u00f3n, las analizaremos una a una, e implementaremos soluciones eficaces, creando un departamento s\u00f3lido que aproveche los recursos para aumentar las ventas y fidelizar a los clientes.<br><br><strong>946542066<\/strong><\/p>\n\n\n\n<p class=\"has-theme-palette-3-color has-text-color\"><mark style=\"background-color:rgba(0, 0, 0, 0)\" class=\"has-inline-color has-theme-palette-1-color\">Atenci\u00f3n al cliente. Formaci\u00f3n en Atenci\u00f3n al Cliente. Atenci\u00f3n a personas vulnerables. Consultor\u00eda de Atenci\u00f3n al cliente. Servicios externos de Atenci\u00f3n al cliente. Telesecretarias. Tele secretarias. Secretaria virtual<\/mark><\/p>\n","protected":false},"excerpt":{"rendered":"<p>Formaci\u00f3n en Atenci\u00f3n al Cliente. Formaci\u00f3n en Telemarketing Consultor\u00eda de Atenci\u00f3n al Cliente y Telemarketing En MKNET CONSULTING somos expertos en Atenci\u00f3n al Cliente. Mediante un diagn\u00f3stico previo, detectaremos todas las carencias en la gesti\u00f3n, las analizaremos una a una, e implementaremos soluciones eficaces, creando un departamento s\u00f3lido que aproveche los recursos para aumentar las&#8230;<\/p>\n","protected":false},"author":1,"featured_media":0,"parent":0,"menu_order":0,"comment_status":"closed","ping_status":"closed","template":"","meta":{"_kadence_starter_templates_imported_post":false,"_kad_post_transparent":"","_kad_post_title":"","_kad_post_layout":"","_kad_post_sidebar_id":"","_kad_post_content_style":"","_kad_post_vertical_padding":"","_kad_post_feature":"","_kad_post_feature_position":"","_kad_post_header":false,"_kad_post_footer":false,"footnotes":""},"class_list":["post-127","page","type-page","status-publish","hentry"],"yoast_head":"<!-- This site is optimized with the Yoast SEO plugin v25.1 - https:\/\/yoast.com\/wordpress\/plugins\/seo\/ -->\n<title>LA EXCELENCIA EN LA ATENCI\u00d3N AL CLIENTE - MknetConsulting<\/title>\n<meta name=\"robots\" content=\"index, follow, max-snippet:-1, max-image-preview:large, max-video-preview:-1\" \/>\n<link rel=\"canonical\" href=\"https:\/\/www.mknetconsulting.net\/\" \/>\n<meta property=\"og:locale\" content=\"es_ES\" \/>\n<meta property=\"og:type\" content=\"article\" \/>\n<meta property=\"og:title\" content=\"LA EXCELENCIA EN LA ATENCI\u00d3N AL CLIENTE - MknetConsulting\" \/>\n<meta property=\"og:description\" content=\"Formaci\u00f3n en Atenci\u00f3n al Cliente. Formaci\u00f3n en Telemarketing Consultor\u00eda de Atenci\u00f3n al Cliente y Telemarketing En MKNET CONSULTING somos expertos en Atenci\u00f3n al Cliente. Mediante un diagn\u00f3stico previo, detectaremos todas las carencias en la gesti\u00f3n, las analizaremos una a una, e implementaremos soluciones eficaces, creando un departamento s\u00f3lido que aproveche los recursos para aumentar las...\" \/>\n<meta property=\"og:url\" content=\"https:\/\/www.mknetconsulting.net\/\" \/>\n<meta property=\"og:site_name\" content=\"MknetConsulting\" \/>\n<meta property=\"article:modified_time\" content=\"2023-02-22T10:49:48+00:00\" \/>\n<meta name=\"twitter:card\" content=\"summary_large_image\" \/>\n<meta name=\"twitter:label1\" content=\"Tiempo de lectura\" \/>\n\t<meta name=\"twitter:data1\" content=\"1 minuto\" \/>\n<script type=\"application\/ld+json\" class=\"yoast-schema-graph\">{\"@context\":\"https:\/\/schema.org\",\"@graph\":[{\"@type\":\"WebPage\",\"@id\":\"https:\/\/www.mknetconsulting.net\/\",\"url\":\"https:\/\/www.mknetconsulting.net\/\",\"name\":\"LA EXCELENCIA EN LA ATENCI\u00d3N AL CLIENTE - MknetConsulting\",\"isPartOf\":{\"@id\":\"https:\/\/www.mknetconsulting.net\/#website\"},\"datePublished\":\"2021-05-10T10:27:41+00:00\",\"dateModified\":\"2023-02-22T10:49:48+00:00\",\"breadcrumb\":{\"@id\":\"https:\/\/www.mknetconsulting.net\/#breadcrumb\"},\"inLanguage\":\"es\",\"potentialAction\":[{\"@type\":\"ReadAction\",\"target\":[\"https:\/\/www.mknetconsulting.net\/\"]}]},{\"@type\":\"BreadcrumbList\",\"@id\":\"https:\/\/www.mknetconsulting.net\/#breadcrumb\",\"itemListElement\":[{\"@type\":\"ListItem\",\"position\":1,\"name\":\"Portada\",\"item\":\"https:\/\/www.mknetconsulting.net\/\"},{\"@type\":\"ListItem\",\"position\":2,\"name\":\"LA EXCELENCIA EN LA ATENCI\u00d3N AL CLIENTE\"}]},{\"@type\":\"WebSite\",\"@id\":\"https:\/\/www.mknetconsulting.net\/#website\",\"url\":\"https:\/\/www.mknetconsulting.net\/\",\"name\":\"MknetConsulting\",\"description\":\"Formaci&oacute;n y consultor&iacute;a\",\"publisher\":{\"@id\":\"https:\/\/www.mknetconsulting.net\/#organization\"},\"potentialAction\":[{\"@type\":\"SearchAction\",\"target\":{\"@type\":\"EntryPoint\",\"urlTemplate\":\"https:\/\/www.mknetconsulting.net\/?s={search_term_string}\"},\"query-input\":{\"@type\":\"PropertyValueSpecification\",\"valueRequired\":true,\"valueName\":\"search_term_string\"}}],\"inLanguage\":\"es\"},{\"@type\":\"Organization\",\"@id\":\"https:\/\/www.mknetconsulting.net\/#organization\",\"name\":\"MknetConsulting\",\"url\":\"https:\/\/www.mknetconsulting.net\/\",\"logo\":{\"@type\":\"ImageObject\",\"inLanguage\":\"es\",\"@id\":\"https:\/\/www.mknetconsulting.net\/#\/schema\/logo\/image\/\",\"url\":\"https:\/\/www.mknetconsulting.net\/wp-content\/uploads\/2022\/10\/LOGO-NUEVO.jpg\",\"contentUrl\":\"https:\/\/www.mknetconsulting.net\/wp-content\/uploads\/2022\/10\/LOGO-NUEVO.jpg\",\"width\":331,\"height\":185,\"caption\":\"MknetConsulting\"},\"image\":{\"@id\":\"https:\/\/www.mknetconsulting.net\/#\/schema\/logo\/image\/\"}}]}<\/script>\n<!-- \/ Yoast SEO plugin. -->","yoast_head_json":{"title":"LA EXCELENCIA EN LA ATENCI\u00d3N AL CLIENTE - MknetConsulting","robots":{"index":"index","follow":"follow","max-snippet":"max-snippet:-1","max-image-preview":"max-image-preview:large","max-video-preview":"max-video-preview:-1"},"canonical":"https:\/\/www.mknetconsulting.net\/","og_locale":"es_ES","og_type":"article","og_title":"LA EXCELENCIA EN LA ATENCI\u00d3N AL CLIENTE - MknetConsulting","og_description":"Formaci\u00f3n en Atenci\u00f3n al Cliente. Formaci\u00f3n en Telemarketing Consultor\u00eda de Atenci\u00f3n al Cliente y Telemarketing En MKNET CONSULTING somos expertos en Atenci\u00f3n al Cliente. Mediante un diagn\u00f3stico previo, detectaremos todas las carencias en la gesti\u00f3n, las analizaremos una a una, e implementaremos soluciones eficaces, creando un departamento s\u00f3lido que aproveche los recursos para aumentar las...","og_url":"https:\/\/www.mknetconsulting.net\/","og_site_name":"MknetConsulting","article_modified_time":"2023-02-22T10:49:48+00:00","twitter_card":"summary_large_image","twitter_misc":{"Tiempo de lectura":"1 minuto"},"schema":{"@context":"https:\/\/schema.org","@graph":[{"@type":"WebPage","@id":"https:\/\/www.mknetconsulting.net\/","url":"https:\/\/www.mknetconsulting.net\/","name":"LA EXCELENCIA EN LA ATENCI\u00d3N AL CLIENTE - MknetConsulting","isPartOf":{"@id":"https:\/\/www.mknetconsulting.net\/#website"},"datePublished":"2021-05-10T10:27:41+00:00","dateModified":"2023-02-22T10:49:48+00:00","breadcrumb":{"@id":"https:\/\/www.mknetconsulting.net\/#breadcrumb"},"inLanguage":"es","potentialAction":[{"@type":"ReadAction","target":["https:\/\/www.mknetconsulting.net\/"]}]},{"@type":"BreadcrumbList","@id":"https:\/\/www.mknetconsulting.net\/#breadcrumb","itemListElement":[{"@type":"ListItem","position":1,"name":"Portada","item":"https:\/\/www.mknetconsulting.net\/"},{"@type":"ListItem","position":2,"name":"LA EXCELENCIA EN LA ATENCI\u00d3N AL CLIENTE"}]},{"@type":"WebSite","@id":"https:\/\/www.mknetconsulting.net\/#website","url":"https:\/\/www.mknetconsulting.net\/","name":"MknetConsulting","description":"Formaci&oacute;n y consultor&iacute;a","publisher":{"@id":"https:\/\/www.mknetconsulting.net\/#organization"},"potentialAction":[{"@type":"SearchAction","target":{"@type":"EntryPoint","urlTemplate":"https:\/\/www.mknetconsulting.net\/?s={search_term_string}"},"query-input":{"@type":"PropertyValueSpecification","valueRequired":true,"valueName":"search_term_string"}}],"inLanguage":"es"},{"@type":"Organization","@id":"https:\/\/www.mknetconsulting.net\/#organization","name":"MknetConsulting","url":"https:\/\/www.mknetconsulting.net\/","logo":{"@type":"ImageObject","inLanguage":"es","@id":"https:\/\/www.mknetconsulting.net\/#\/schema\/logo\/image\/","url":"https:\/\/www.mknetconsulting.net\/wp-content\/uploads\/2022\/10\/LOGO-NUEVO.jpg","contentUrl":"https:\/\/www.mknetconsulting.net\/wp-content\/uploads\/2022\/10\/LOGO-NUEVO.jpg","width":331,"height":185,"caption":"MknetConsulting"},"image":{"@id":"https:\/\/www.mknetconsulting.net\/#\/schema\/logo\/image\/"}}]}},"_links":{"self":[{"href":"https:\/\/www.mknetconsulting.net\/index.php?rest_route=\/wp\/v2\/pages\/127","targetHints":{"allow":["GET"]}}],"collection":[{"href":"https:\/\/www.mknetconsulting.net\/index.php?rest_route=\/wp\/v2\/pages"}],"about":[{"href":"https:\/\/www.mknetconsulting.net\/index.php?rest_route=\/wp\/v2\/types\/page"}],"author":[{"embeddable":true,"href":"https:\/\/www.mknetconsulting.net\/index.php?rest_route=\/wp\/v2\/users\/1"}],"replies":[{"embeddable":true,"href":"https:\/\/www.mknetconsulting.net\/index.php?rest_route=%2Fwp%2Fv2%2Fcomments&post=127"}],"version-history":[{"count":13,"href":"https:\/\/www.mknetconsulting.net\/index.php?rest_route=\/wp\/v2\/pages\/127\/revisions"}],"predecessor-version":[{"id":182,"href":"https:\/\/www.mknetconsulting.net\/index.php?rest_route=\/wp\/v2\/pages\/127\/revisions\/182"}],"wp:attachment":[{"href":"https:\/\/www.mknetconsulting.net\/index.php?rest_route=%2Fwp%2Fv2%2Fmedia&parent=127"}],"curies":[{"name":"wp","href":"https:\/\/api.w.org\/{rel}","templated":true}]}}