{"id":105,"date":"2021-04-27T11:32:12","date_gmt":"2021-04-27T11:32:12","guid":{"rendered":"http:\/\/www.mknetconsulting.net\/?page_id=105"},"modified":"2023-02-22T11:46:31","modified_gmt":"2023-02-22T11:46:31","slug":"aviso-legal","status":"publish","type":"page","link":"https:\/\/www.mknetconsulting.net\/?page_id=105","title":{"rendered":"Aviso legal"},"content":{"rendered":"\n<p><strong>AVISO LEGAL<\/strong><br>www.mknet.es es un \u201cWeb site\u201d que ofrece informaci\u00f3n, acceso a contenidos y noticias directamente en sus p\u00e1ginas o mediante enlaces a otras direcciones de acceso libre en la red, relativos a la actividad de la empresa.<\/p>\n\n\n\n<p><strong>CONDICIONES DE UTILIZACI\u00d3N DEL WEB SITE<\/strong><br>El \u201cWeb site\u201d s\u00f3lo contiene informaci\u00f3n general acerca de los servicios prestados por <strong>MKnetconsulting.<\/strong>.<\/p>\n\n\n\n<p><strong>MKnetconsulting.net<\/strong>&nbsp; no asume responsabilidad alguna por la informaci\u00f3n contenida en p\u00e1ginas web de terceros a las que se pueda acceder por enlaces (links) o buscadores de las p\u00e1ginas web de&nbsp;<strong>MKnetconsulting.net<\/strong>&nbsp;La presencia de enlaces (links) en las p\u00e1ginas web de&nbsp;<strong>MKnetconsulting.net<\/strong>&nbsp; tiene finalidad meramente informativa y en ning\u00fan caso supone sugerencia, invitaci\u00f3n o recomendaci\u00f3n sobre los mismos.<\/p>\n\n\n\n<p><strong>PROPIEDAD INTELECTUAL E INDUSTRIAL<\/strong><br>Quedan reservados todos los derechos de Propiedad Intelectual de la imagen corporativa de <strong>MKnetconsulting<\/strong> as\u00ed como el texto contenido en el Web Site.<\/p>\n\n\n\n<p><strong>POLITICA DE PRIVACIDAD<\/strong><br>TELEMARKETINGALGORTA, S.L. (CIF:B95788436) es titular del sitio Web www.<strong> MKnetconsulting.net<\/strong>\u00a0 y es la titular de la base de datos generada con los datos de car\u00e1cter personal suministrados por los usuarios.<br>\u2013 El usuario autoriza el tratamiento automatizado de los datos personales suministrados, necesarios para la prestaci\u00f3n de los servicios pactados, que se reducen a meras tareas b\u00e1sicas de identificaci\u00f3n y administraci\u00f3n. Los datos suministrados no ser\u00e1n cedidos en ning\u00fan caso a otras empresas del grupo, ni a otras con las que concluya acuerdos de colaboraci\u00f3n para la mejor prestaci\u00f3n del servicio.<br>\u2013 El usuario aceptar\u00e1 estas condiciones establecidas cuando pulsa el bot\u00f3n \u2018ENVIAR\u2019 que se encuentra en el formulario de recogida de datos.<br>\u2013 La informaci\u00f3n personal recabada de los usuarios registrados es almacenada en bases de datos propiedad de TELEMARKETINGALGORTA, S.L. (CIF:B95788436), que asume las medidas de \u00edndole t\u00e9cnica, organizativa y de seguridad que garanticen la confidencialidad e integridad de la informaci\u00f3n de acuerdo con lo establecido en la Ley Org\u00e1nica 5\/1992, de 29 de Octubre, del tratamiento automatizado de los datos de car\u00e1cter personal, y dem\u00e1s legislaci\u00f3n aplicable.<br>\u2013 Cualquier usuario registrado puede en cualquier momento ejercer el derecho a acceder, rectificar y, en su caso, cancelar sus datos de car\u00e1cter personal suministrados a www.mknet.es, mediante comunicaci\u00f3n escrita dirigida a c\/ Juan Bautista Zabala, 12 \u2013 5\u00ba dpto.. 3A. 48991-Getxo (VIZCAYA), en el tel\u00e9fono 946542066 o a la direcci\u00f3n de correo electr\u00f3nico info@mknet.es<\/p>\n","protected":false},"excerpt":{"rendered":"<p>AVISO LEGALwww.mknet.es es un \u201cWeb site\u201d que ofrece informaci\u00f3n, acceso a contenidos y noticias directamente en sus p\u00e1ginas o mediante enlaces a otras direcciones de acceso libre en la red, relativos a la actividad de la empresa. CONDICIONES DE UTILIZACI\u00d3N DEL WEB SITEEl \u201cWeb site\u201d s\u00f3lo contiene informaci\u00f3n general acerca de los servicios prestados por&#8230;<\/p>\n","protected":false},"author":1,"featured_media":0,"parent":0,"menu_order":0,"comment_status":"closed","ping_status":"closed","template":"","meta":{"_kadence_starter_templates_imported_post":false,"_kad_post_transparent":"","_kad_post_title":"","_kad_post_layout":"","_kad_post_sidebar_id":"","_kad_post_content_style":"","_kad_post_vertical_padding":"","_kad_post_feature":"","_kad_post_feature_position":"","_kad_post_header":false,"_kad_post_footer":false,"footnotes":""},"class_list":["post-105","page","type-page","status-publish","hentry"],"yoast_head":"<!-- This site is optimized with the Yoast SEO plugin v25.1 - https:\/\/yoast.com\/wordpress\/plugins\/seo\/ -->\n<title>Aviso legal - MknetConsulting<\/title>\n<meta name=\"robots\" content=\"index, follow, max-snippet:-1, max-image-preview:large, max-video-preview:-1\" \/>\n<link rel=\"canonical\" href=\"https:\/\/www.mknetconsulting.net\/?page_id=105\" \/>\n<meta property=\"og:locale\" content=\"es_ES\" \/>\n<meta property=\"og:type\" content=\"article\" \/>\n<meta property=\"og:title\" content=\"Aviso legal - MknetConsulting\" \/>\n<meta property=\"og:description\" content=\"AVISO LEGALwww.mknet.es es un \u201cWeb site\u201d que ofrece informaci\u00f3n, acceso a contenidos y noticias directamente en sus p\u00e1ginas o mediante enlaces a otras direcciones de acceso libre en la red, relativos a la actividad de la empresa. CONDICIONES DE UTILIZACI\u00d3N DEL WEB SITEEl \u201cWeb site\u201d s\u00f3lo contiene informaci\u00f3n general acerca de los servicios prestados por...\" \/>\n<meta property=\"og:url\" content=\"https:\/\/www.mknetconsulting.net\/?page_id=105\" \/>\n<meta property=\"og:site_name\" content=\"MknetConsulting\" \/>\n<meta property=\"article:modified_time\" content=\"2023-02-22T11:46:31+00:00\" \/>\n<meta name=\"twitter:card\" content=\"summary_large_image\" \/>\n<meta name=\"twitter:label1\" content=\"Tiempo de lectura\" \/>\n\t<meta name=\"twitter:data1\" content=\"2 minutos\" \/>\n<script type=\"application\/ld+json\" class=\"yoast-schema-graph\">{\"@context\":\"https:\/\/schema.org\",\"@graph\":[{\"@type\":\"WebPage\",\"@id\":\"https:\/\/www.mknetconsulting.net\/?page_id=105\",\"url\":\"https:\/\/www.mknetconsulting.net\/?page_id=105\",\"name\":\"Aviso legal - MknetConsulting\",\"isPartOf\":{\"@id\":\"https:\/\/www.mknetconsulting.net\/#website\"},\"datePublished\":\"2021-04-27T11:32:12+00:00\",\"dateModified\":\"2023-02-22T11:46:31+00:00\",\"breadcrumb\":{\"@id\":\"https:\/\/www.mknetconsulting.net\/?page_id=105#breadcrumb\"},\"inLanguage\":\"es\",\"potentialAction\":[{\"@type\":\"ReadAction\",\"target\":[\"https:\/\/www.mknetconsulting.net\/?page_id=105\"]}]},{\"@type\":\"BreadcrumbList\",\"@id\":\"https:\/\/www.mknetconsulting.net\/?page_id=105#breadcrumb\",\"itemListElement\":[{\"@type\":\"ListItem\",\"position\":1,\"name\":\"Portada\",\"item\":\"https:\/\/www.mknetconsulting.net\/\"},{\"@type\":\"ListItem\",\"position\":2,\"name\":\"Aviso legal\"}]},{\"@type\":\"WebSite\",\"@id\":\"https:\/\/www.mknetconsulting.net\/#website\",\"url\":\"https:\/\/www.mknetconsulting.net\/\",\"name\":\"MknetConsulting\",\"description\":\"Formaci&oacute;n y consultor&iacute;a\",\"publisher\":{\"@id\":\"https:\/\/www.mknetconsulting.net\/#organization\"},\"potentialAction\":[{\"@type\":\"SearchAction\",\"target\":{\"@type\":\"EntryPoint\",\"urlTemplate\":\"https:\/\/www.mknetconsulting.net\/?s={search_term_string}\"},\"query-input\":{\"@type\":\"PropertyValueSpecification\",\"valueRequired\":true,\"valueName\":\"search_term_string\"}}],\"inLanguage\":\"es\"},{\"@type\":\"Organization\",\"@id\":\"https:\/\/www.mknetconsulting.net\/#organization\",\"name\":\"MknetConsulting\",\"url\":\"https:\/\/www.mknetconsulting.net\/\",\"logo\":{\"@type\":\"ImageObject\",\"inLanguage\":\"es\",\"@id\":\"https:\/\/www.mknetconsulting.net\/#\/schema\/logo\/image\/\",\"url\":\"https:\/\/www.mknetconsulting.net\/wp-content\/uploads\/2022\/10\/LOGO-NUEVO.jpg\",\"contentUrl\":\"https:\/\/www.mknetconsulting.net\/wp-content\/uploads\/2022\/10\/LOGO-NUEVO.jpg\",\"width\":331,\"height\":185,\"caption\":\"MknetConsulting\"},\"image\":{\"@id\":\"https:\/\/www.mknetconsulting.net\/#\/schema\/logo\/image\/\"}}]}<\/script>\n<!-- \/ Yoast SEO plugin. -->","yoast_head_json":{"title":"Aviso legal - MknetConsulting","robots":{"index":"index","follow":"follow","max-snippet":"max-snippet:-1","max-image-preview":"max-image-preview:large","max-video-preview":"max-video-preview:-1"},"canonical":"https:\/\/www.mknetconsulting.net\/?page_id=105","og_locale":"es_ES","og_type":"article","og_title":"Aviso legal - MknetConsulting","og_description":"AVISO LEGALwww.mknet.es es un \u201cWeb site\u201d que ofrece informaci\u00f3n, acceso a contenidos y noticias directamente en sus p\u00e1ginas o mediante enlaces a otras direcciones de acceso libre en la red, relativos a la actividad de la empresa. CONDICIONES DE UTILIZACI\u00d3N DEL WEB SITEEl \u201cWeb site\u201d s\u00f3lo contiene informaci\u00f3n general acerca de los servicios prestados por...","og_url":"https:\/\/www.mknetconsulting.net\/?page_id=105","og_site_name":"MknetConsulting","article_modified_time":"2023-02-22T11:46:31+00:00","twitter_card":"summary_large_image","twitter_misc":{"Tiempo de lectura":"2 minutos"},"schema":{"@context":"https:\/\/schema.org","@graph":[{"@type":"WebPage","@id":"https:\/\/www.mknetconsulting.net\/?page_id=105","url":"https:\/\/www.mknetconsulting.net\/?page_id=105","name":"Aviso legal - MknetConsulting","isPartOf":{"@id":"https:\/\/www.mknetconsulting.net\/#website"},"datePublished":"2021-04-27T11:32:12+00:00","dateModified":"2023-02-22T11:46:31+00:00","breadcrumb":{"@id":"https:\/\/www.mknetconsulting.net\/?page_id=105#breadcrumb"},"inLanguage":"es","potentialAction":[{"@type":"ReadAction","target":["https:\/\/www.mknetconsulting.net\/?page_id=105"]}]},{"@type":"BreadcrumbList","@id":"https:\/\/www.mknetconsulting.net\/?page_id=105#breadcrumb","itemListElement":[{"@type":"ListItem","position":1,"name":"Portada","item":"https:\/\/www.mknetconsulting.net\/"},{"@type":"ListItem","position":2,"name":"Aviso legal"}]},{"@type":"WebSite","@id":"https:\/\/www.mknetconsulting.net\/#website","url":"https:\/\/www.mknetconsulting.net\/","name":"MknetConsulting","description":"Formaci&oacute;n y consultor&iacute;a","publisher":{"@id":"https:\/\/www.mknetconsulting.net\/#organization"},"potentialAction":[{"@type":"SearchAction","target":{"@type":"EntryPoint","urlTemplate":"https:\/\/www.mknetconsulting.net\/?s={search_term_string}"},"query-input":{"@type":"PropertyValueSpecification","valueRequired":true,"valueName":"search_term_string"}}],"inLanguage":"es"},{"@type":"Organization","@id":"https:\/\/www.mknetconsulting.net\/#organization","name":"MknetConsulting","url":"https:\/\/www.mknetconsulting.net\/","logo":{"@type":"ImageObject","inLanguage":"es","@id":"https:\/\/www.mknetconsulting.net\/#\/schema\/logo\/image\/","url":"https:\/\/www.mknetconsulting.net\/wp-content\/uploads\/2022\/10\/LOGO-NUEVO.jpg","contentUrl":"https:\/\/www.mknetconsulting.net\/wp-content\/uploads\/2022\/10\/LOGO-NUEVO.jpg","width":331,"height":185,"caption":"MknetConsulting"},"image":{"@id":"https:\/\/www.mknetconsulting.net\/#\/schema\/logo\/image\/"}}]}},"_links":{"self":[{"href":"https:\/\/www.mknetconsulting.net\/index.php?rest_route=\/wp\/v2\/pages\/105","targetHints":{"allow":["GET"]}}],"collection":[{"href":"https:\/\/www.mknetconsulting.net\/index.php?rest_route=\/wp\/v2\/pages"}],"about":[{"href":"https:\/\/www.mknetconsulting.net\/index.php?rest_route=\/wp\/v2\/types\/page"}],"author":[{"embeddable":true,"href":"https:\/\/www.mknetconsulting.net\/index.php?rest_route=\/wp\/v2\/users\/1"}],"replies":[{"embeddable":true,"href":"https:\/\/www.mknetconsulting.net\/index.php?rest_route=%2Fwp%2Fv2%2Fcomments&post=105"}],"version-history":[{"count":2,"href":"https:\/\/www.mknetconsulting.net\/index.php?rest_route=\/wp\/v2\/pages\/105\/revisions"}],"predecessor-version":[{"id":183,"href":"https:\/\/www.mknetconsulting.net\/index.php?rest_route=\/wp\/v2\/pages\/105\/revisions\/183"}],"wp:attachment":[{"href":"https:\/\/www.mknetconsulting.net\/index.php?rest_route=%2Fwp%2Fv2%2Fmedia&parent=105"}],"curies":[{"name":"wp","href":"https:\/\/api.w.org\/{rel}","templated":true}]}}